{"id":2427,"date":"2024-03-12T13:10:31","date_gmt":"2024-03-12T13:10:31","guid":{"rendered":"https:\/\/drewmex.net.pl\/?page_id=2427"},"modified":"2026-01-13T09:02:38","modified_gmt":"2026-01-13T09:02:38","slug":"oferta","status":"publish","type":"page","link":"https:\/\/drewmex.net.pl\/?page_id=2427","title":{"rendered":"Oferta"},"content":{"rendered":"\t\t<div data-elementor-type=\"wp-page\" data-elementor-id=\"2427\" class=\"elementor elementor-2427\" data-elementor-post-type=\"page\">\n\t\t\t\t\t\t<section class=\"elementor-section elementor-top-section elementor-element elementor-element-269d670 elementor-section-boxed elementor-section-height-default elementor-section-height-default\" data-id=\"269d670\" data-element_type=\"section\" data-settings=\"{&quot;background_background&quot;:&quot;classic&quot;}\">\n\t\t\t\t\t\t\t<div class=\"elementor-background-overlay\"><\/div>\n\t\t\t\t\t\t\t<div class=\"elementor-container elementor-column-gap-default\">\n\t\t\t\t\t<div class=\"elementor-column elementor-col-100 elementor-top-column elementor-element elementor-element-5a07e0b\" data-id=\"5a07e0b\" data-element_type=\"column\">\n\t\t\t<div class=\"elementor-widget-wrap elementor-element-populated\">\n\t\t\t\t\t\t<div class=\"elementor-element elementor-element-3e5e108 elementor-widget elementor-widget-html\" data-id=\"3e5e108\" data-element_type=\"widget\" data-widget_type=\"html.default\">\n\t\t\t\t<div class=\"elementor-widget-container\">\n\t\t\t\t\t<div class=\"aioseo-breadcrumbs\"><span class=\"aioseo-breadcrumb\">\n\tStrona g\u0142\u00f3wna\n<\/span><\/div>\t\t\t\t<\/div>\n\t\t\t\t<\/div>\n\t\t\t\t<div class=\"elementor-element elementor-element-d8e80f7 elementor-widget elementor-widget-heading\" data-id=\"d8e80f7\" data-element_type=\"widget\" data-widget_type=\"heading.default\">\n\t\t\t\t<div class=\"elementor-widget-container\">\n\t\t\t\t\t<h1 class=\"elementor-heading-title elementor-size-default\">Oferta<\/h1>\t\t\t\t<\/div>\n\t\t\t\t<\/div>\n\t\t\t\t\t<\/div>\n\t\t<\/div>\n\t\t\t\t\t<\/div>\n\t\t<\/section>\n\t\t\t\t<section class=\"elementor-section elementor-top-section elementor-element elementor-element-25ce45d elementor-section-boxed elementor-section-height-default elementor-section-height-default\" data-id=\"25ce45d\" data-element_type=\"section\">\n\t\t\t\t\t\t<div class=\"elementor-container elementor-column-gap-default\">\n\t\t\t\t\t<div class=\"elementor-column elementor-col-50 elementor-top-column elementor-element elementor-element-f7b000c\" data-id=\"f7b000c\" data-element_type=\"column\" data-settings=\"{&quot;background_background&quot;:&quot;classic&quot;}\">\n\t\t\t<div class=\"elementor-widget-wrap elementor-element-populated\">\n\t\t\t\t\t\t<div class=\"elementor-element elementor-element-9b63f24 elementor-widget elementor-widget-heading\" data-id=\"9b63f24\" data-element_type=\"widget\" data-widget_type=\"heading.default\">\n\t\t\t\t<div class=\"elementor-widget-container\">\n\t\t\t\t\t<h2 class=\"elementor-heading-title elementor-size-default\">Nasza oferta \u2013 drewno budowlane <b>najwy\u017cszej jako\u015bci<\/b><\/h2>\t\t\t\t<\/div>\n\t\t\t\t<\/div>\n\t\t\t\t<div class=\"elementor-element elementor-element-9957757 elementor-widget-divider--view-line elementor-invisible elementor-widget elementor-widget-divider\" data-id=\"9957757\" data-element_type=\"widget\" data-settings=\"{&quot;_animation&quot;:&quot;fadeIn&quot;}\" data-widget_type=\"divider.default\">\n\t\t\t\t<div class=\"elementor-widget-container\">\n\t\t\t\t\t\t\t<div class=\"elementor-divider\">\n\t\t\t<span class=\"elementor-divider-separator\">\n\t\t\t\t\t\t<\/span>\n\t\t<\/div>\n\t\t\t\t\t\t<\/div>\n\t\t\t\t<\/div>\n\t\t\t\t<div class=\"elementor-element elementor-element-0bd0c09 elementor-invisible elementor-widget elementor-widget-text-editor\" data-id=\"0bd0c09\" data-element_type=\"widget\" data-settings=\"{&quot;_animation&quot;:&quot;fadeIn&quot;}\" data-widget_type=\"text-editor.default\">\n\t\t\t\t<div class=\"elementor-widget-container\">\n\t\t\t\t\t\t\t\t\t<p>Specjalizujemy si\u0119 w produkcji i sprzeda\u017cy wysokiej jako\u015bci wyrob\u00f3w tartacznych, dostosowanych do potrzeb klient\u00f3w indywidualnych i firm budowlanych. Oferujemy kompleksow\u0105 obs\u0142ug\u0119 \u2013 od przygotowania drewna, przez jego impregnacj\u0119 i suszenie, a\u017c po dostaw\u0119 na miejsce inwestycji.<\/p><p><strong>Wszystkie produkty oferujemy z mo\u017cliwo\u015bci\u0105 transportu HDS i roz\u0142adunku na miejscu.<\/strong><\/p>\t\t\t\t\t\t\t\t<\/div>\n\t\t\t\t<\/div>\n\t\t\t\t<div class=\"elementor-element elementor-element-e3f158a elementor-invisible elementor-widget elementor-widget-button\" data-id=\"e3f158a\" data-element_type=\"widget\" data-settings=\"{&quot;_animation&quot;:&quot;fadeIn&quot;}\" data-widget_type=\"button.default\">\n\t\t\t\t<div class=\"elementor-widget-container\">\n\t\t\t\t\t\t\t\t\t<div class=\"elementor-button-wrapper\">\n\t\t\t\t\t<a class=\"elementor-button elementor-button-link elementor-size-sm\" href=\"https:\/\/drewmex.net.pl\/produkty\/\">\n\t\t\t\t\t\t<span class=\"elementor-button-content-wrapper\">\n\t\t\t\t\t\t<span class=\"elementor-button-icon\">\n\t\t\t\t<svg aria-hidden=\"true\" class=\"e-font-icon-svg e-fas-arrow-right\" viewBox=\"0 0 448 512\" xmlns=\"http:\/\/www.w3.org\/2000\/svg\"><path d=\"M190.5 66.9l22.2-22.2c9.4-9.4 24.6-9.4 33.9 0L441 239c9.4 9.4 9.4 24.6 0 33.9L246.6 467.3c-9.4 9.4-24.6 9.4-33.9 0l-22.2-22.2c-9.5-9.5-9.3-25 .4-34.3L311.4 296H24c-13.3 0-24-10.7-24-24v-32c0-13.3 10.7-24 24-24h287.4L190.9 101.2c-9.8-9.3-10-24.8-.4-34.3z\"><\/path><\/svg>\t\t\t<\/span>\n\t\t\t\t\t\t\t\t\t<span class=\"elementor-button-text\">Sprawd\u017a nasze produkty<\/span>\n\t\t\t\t\t<\/span>\n\t\t\t\t\t<\/a>\n\t\t\t\t<\/div>\n\t\t\t\t\t\t\t\t<\/div>\n\t\t\t\t<\/div>\n\t\t\t\t\t<\/div>\n\t\t<\/div>\n\t\t\t\t<div class=\"elementor-column elementor-col-50 elementor-top-column elementor-element elementor-element-67c646e\" data-id=\"67c646e\" data-element_type=\"column\" data-settings=\"{&quot;background_background&quot;:&quot;classic&quot;}\">\n\t\t\t<div class=\"elementor-widget-wrap elementor-element-populated\">\n\t\t\t\t\t\t<div class=\"elementor-element elementor-element-629aca3 elementor-widget elementor-widget-spacer\" data-id=\"629aca3\" data-element_type=\"widget\" data-widget_type=\"spacer.default\">\n\t\t\t\t<div class=\"elementor-widget-container\">\n\t\t\t\t\t\t\t<div class=\"elementor-spacer\">\n\t\t\t<div class=\"elementor-spacer-inner\"><\/div>\n\t\t<\/div>\n\t\t\t\t\t\t<\/div>\n\t\t\t\t<\/div>\n\t\t\t\t\t<\/div>\n\t\t<\/div>\n\t\t\t\t\t<\/div>\n\t\t<\/section>\n\t\t\t\t<section class=\"elementor-section elementor-top-section elementor-element elementor-element-2736ba4d elementor-section-boxed elementor-section-height-default elementor-section-height-default\" data-id=\"2736ba4d\" data-element_type=\"section\" data-settings=\"{&quot;background_background&quot;:&quot;classic&quot;}\">\n\t\t\t\t\t\t<div class=\"elementor-container elementor-column-gap-default\">\n\t\t\t\t\t<div class=\"elementor-column elementor-col-100 elementor-top-column elementor-element elementor-element-366f489f\" data-id=\"366f489f\" data-element_type=\"column\">\n\t\t\t<div class=\"elementor-widget-wrap elementor-element-populated\">\n\t\t\t\t\t\t<div class=\"elementor-element elementor-element-2fc9bd9 elementor-widget__width-inherit animated-slow elementor-widget-tablet__width-inherit elementor-invisible elementor-widget elementor-widget-heading\" data-id=\"2fc9bd9\" data-element_type=\"widget\" data-settings=\"{&quot;_animation&quot;:&quot;fadeIn&quot;}\" data-widget_type=\"heading.default\">\n\t\t\t\t<div class=\"elementor-widget-container\">\n\t\t\t\t\t<h2 class=\"elementor-heading-title elementor-size-default\">Nasz cennik<\/h2>\t\t\t\t<\/div>\n\t\t\t\t<\/div>\n\t\t\t\t<div class=\"elementor-element elementor-element-75d8ff4 elementor-widget-divider--view-line elementor-invisible elementor-widget elementor-widget-divider\" data-id=\"75d8ff4\" data-element_type=\"widget\" data-settings=\"{&quot;_animation&quot;:&quot;fadeIn&quot;}\" data-widget_type=\"divider.default\">\n\t\t\t\t<div class=\"elementor-widget-container\">\n\t\t\t\t\t\t\t<div class=\"elementor-divider\">\n\t\t\t<span class=\"elementor-divider-separator\">\n\t\t\t\t\t\t<\/span>\n\t\t<\/div>\n\t\t\t\t\t\t<\/div>\n\t\t\t\t<\/div>\n\t\t\t\t<div class=\"elementor-element elementor-element-1b550d60 elementor-widget__width-initial elementor-invisible elementor-widget elementor-widget-text-editor\" data-id=\"1b550d60\" data-element_type=\"widget\" data-settings=\"{&quot;_animation&quot;:&quot;fadeIn&quot;}\" data-widget_type=\"text-editor.default\">\n\t\t\t\t<div class=\"elementor-widget-container\">\n\t\t\t\t\t\t\t\t\t<p>Poni\u017cej przedstawiamy orientacyjny cennik naszych produkt\u00f3w i us\u0142ug. Wszystkie ceny podane s\u0105 w warto\u015bciach netto za metr sze\u015bcienny (m\u00b3). Ostateczna wycena mo\u017ce si\u0119 r\u00f3\u017cni\u0107 w zale\u017cno\u015bci od wielko\u015bci zam\u00f3wienia i rodzaju materia\u0142u.<\/p>\t\t\t\t\t\t\t\t<\/div>\n\t\t\t\t<\/div>\n\t\t\t\t<div class=\"elementor-element elementor-element-23d6ab6 elementor-invisible elementor-widget elementor-widget-text-editor\" data-id=\"23d6ab6\" data-element_type=\"widget\" data-settings=\"{&quot;_animation&quot;:&quot;fadeIn&quot;}\" data-widget_type=\"text-editor.default\">\n\t\t\t\t<div class=\"elementor-widget-container\">\n\t\t\t\t\t\t\t\t\t<table class=\"w-fit min-w-(--thread-content-width)\" data-start=\"368\" data-end=\"2363\">\n<thead data-start=\"368\" data-end=\"509\">\n<tr data-start=\"368\" data-end=\"509\">\n<th data-start=\"368\" data-end=\"411\" data-col-size=\"sm\"><strong data-start=\"370\" data-end=\"390\">Produkt \/ Us\u0142uga<\/strong><\/th>\n<th data-start=\"411\" data-end=\"433\" data-col-size=\"sm\"><strong data-start=\"413\" data-end=\"432\">Cena netto \/ m\u00b3<\/strong><\/th>\n<th data-start=\"433\" data-end=\"509\" data-col-size=\"md\"><strong data-start=\"435\" data-end=\"443\">Opis<\/strong><\/th>\n<\/tr>\n<\/thead>\n<tbody data-start=\"653\" data-end=\"2363\">\n<tr data-start=\"653\" data-end=\"795\">\n<td data-start=\"653\" data-end=\"697\" data-col-size=\"sm\">Wi\u0119\u017aba dachowa<\/td>\n<td data-col-size=\"sm\" data-start=\"697\" data-end=\"720\">1300 PLN<\/td>\n<td data-col-size=\"md\" data-start=\"720\" data-end=\"795\">Wi\u0119\u017aba dachowa ci\u0119ta na wymiar pod zam\u00f3wienie.<\/td>\n<\/tr>\n<tr data-start=\"796\" data-end=\"938\">\n<td data-start=\"796\" data-end=\"840\" data-col-size=\"sm\">Kant\u00f3wka 10 \u00d7 10<\/td>\n<td data-col-size=\"sm\" data-start=\"840\" data-end=\"863\">1100 PLN<\/td>\n<td data-col-size=\"md\" data-start=\"863\" data-end=\"938\">Kant\u00f3wka budowlana 10 cm x 10 cm.<\/td>\n<\/tr>\n<tr data-start=\"939\" data-end=\"1081\">\n<td data-start=\"939\" data-end=\"983\" data-col-size=\"sm\">Deska 25 mm<\/td>\n<td data-col-size=\"sm\" data-start=\"983\" data-end=\"1006\">800 PLN<\/td>\n<td data-col-size=\"md\" data-start=\"1006\" data-end=\"1081\">Deska budowlana o grubo\u015bci 25 mm.<\/td>\n<\/tr>\n<tr data-start=\"1082\" data-end=\"1224\">\n<td data-start=\"1082\" data-end=\"1126\" data-col-size=\"sm\">Deska 32 mm<\/td>\n<td data-col-size=\"sm\" data-start=\"1126\" data-end=\"1149\">800 PLN<\/td>\n<td data-col-size=\"md\" data-start=\"1149\" data-end=\"1224\">Deska budowlana o grubo\u015bci 32 mm.<\/td>\n<\/tr>\n<tr data-start=\"1225\" data-end=\"1367\">\n<td data-start=\"1225\" data-end=\"1269\" data-col-size=\"sm\">Deska 40 mm<\/td>\n<td data-col-size=\"sm\" data-start=\"1269\" data-end=\"1292\">1000 PLN<\/td>\n<td data-col-size=\"md\" data-start=\"1292\" data-end=\"1367\">Deska budowlana o grubo\u015bci 40 mm.<\/td>\n<\/tr>\n<tr data-start=\"1368\" data-end=\"1510\">\n<td data-start=\"1368\" data-end=\"1412\" data-col-size=\"sm\">Deska 50 mm<\/td>\n<td data-col-size=\"sm\" data-start=\"1412\" data-end=\"1435\">1000 PLN<\/td>\n<td data-col-size=\"md\" data-start=\"1435\" data-end=\"1510\">Deska budowlana o grubo\u015bci 50 mm.<\/td>\n<\/tr>\n<tr data-start=\"1511\" data-end=\"1653\">\n<td data-start=\"1511\" data-end=\"1555\" data-col-size=\"sm\">\u0141aty \/ kontr\u0142aty<\/td>\n<td data-col-size=\"sm\" data-start=\"1555\" data-end=\"1578\">1300 PLN<\/td>\n<td data-col-size=\"md\" data-start=\"1578\" data-end=\"1653\">\u0141aty i kontr\u0142aty dachowe.<\/td>\n<\/tr>\n<tr data-start=\"1654\" data-end=\"1795\">\n<td data-start=\"1654\" data-end=\"1697\" data-col-size=\"sm\">Drewno konstrukcyjne C24 suszone (CE)<\/td>\n<td data-col-size=\"sm\" data-start=\"1697\" data-end=\"1720\">1700 PLN<\/td>\n<td data-col-size=\"md\" data-start=\"1720\" data-end=\"1795\">Drewno konstrukcyjne z certyfikatem CE, klasa C24.<\/td>\n<\/tr>\n<tr data-start=\"1796\" data-end=\"1937\">\n<td data-start=\"1796\" data-end=\"1839\" data-col-size=\"sm\">Tarcica suszona (ISPM)<\/td>\n<td data-col-size=\"sm\" data-start=\"1839\" data-end=\"1862\">1700 PLN<\/td>\n<td data-col-size=\"md\" data-start=\"1862\" data-end=\"1937\">Tarcica suszona z certyfikatami ISPM.<\/td>\n<\/tr>\n<tr data-start=\"1938\" data-end=\"2079\">\n<td data-start=\"1938\" data-end=\"1982\" data-col-size=\"sm\">Tarcica strugana<\/td>\n<td data-col-size=\"sm\" data-start=\"1982\" data-end=\"2005\">1700 PLN<\/td>\n<td data-col-size=\"md\" data-start=\"2005\" data-end=\"2079\">Tarcica mokra, czterostronnie strugana.<\/td>\n<\/tr>\n<tr data-start=\"2080\" data-end=\"2221\">\n<td data-start=\"2080\" data-end=\"2124\" data-col-size=\"sm\">Tarcica strugana suszona ( CE C24)<\/td>\n<td data-col-size=\"sm\" data-start=\"2124\" data-end=\"2147\">2300 PLN<\/td>\n<td data-col-size=\"md\" data-start=\"2147\" data-end=\"2221\">Tarcica suszona, czterostronnie strugana.<\/td>\n<\/tr>\n<tr data-start=\"2222\" data-end=\"2363\">\n<td data-start=\"2222\" data-end=\"2265\" data-col-size=\"sm\">Impregnacja ci\u015bnieniowa<\/td>\n<td data-col-size=\"sm\" data-start=\"2265\" data-end=\"2288\">400 PLN<\/td>\n<td data-col-size=\"md\" data-start=\"2288\" data-end=\"2363\">Us\u0142uga impregnacji pr\u00f3\u017cniowo-ci\u015bnieniowej drewna.<\/td>\n<\/tr>\n<\/tbody>\n<\/table>\t\t\t\t\t\t\t\t<\/div>\n\t\t\t\t<\/div>\n\t\t\t\t<div class=\"elementor-element elementor-element-5da47c3 elementor-invisible elementor-widget elementor-widget-text-editor\" data-id=\"5da47c3\" data-element_type=\"widget\" data-settings=\"{&quot;_animation&quot;:&quot;fadeIn&quot;}\" data-widget_type=\"text-editor.default\">\n\t\t\t\t<div class=\"elementor-widget-container\">\n\t\t\t\t\t\t\t\t\t<p>Potrzebujesz szczeg\u00f3\u0142owej wyceny lub pomocy w doborze materia\u0142u? <strong><a class=\"\" href=\"https:\/\/drewmex.net.pl\/kontakt\/\" rel=\"noopener\" data-start=\"2433\" data-end=\"2466\">Skontaktuj si\u0119 z nami<\/a><\/strong> \u2013 przygotujemy indywidualn\u0105 ofert\u0119!<\/p>\t\t\t\t\t\t\t\t<\/div>\n\t\t\t\t<\/div>\n\t\t\t\t<div class=\"elementor-element elementor-element-cef9a50 elementor-align-center elementor-invisible elementor-widget elementor-widget-button\" data-id=\"cef9a50\" data-element_type=\"widget\" data-settings=\"{&quot;_animation&quot;:&quot;fadeIn&quot;}\" data-widget_type=\"button.default\">\n\t\t\t\t<div class=\"elementor-widget-container\">\n\t\t\t\t\t\t\t\t\t<div class=\"elementor-button-wrapper\">\n\t\t\t\t\t<a class=\"elementor-button elementor-button-link elementor-size-sm\" href=\"https:\/\/drewmex.net.pl\/kontakt\/\">\n\t\t\t\t\t\t<span class=\"elementor-button-content-wrapper\">\n\t\t\t\t\t\t<span class=\"elementor-button-icon\">\n\t\t\t\t<svg aria-hidden=\"true\" class=\"e-font-icon-svg e-fas-arrow-right\" viewBox=\"0 0 448 512\" xmlns=\"http:\/\/www.w3.org\/2000\/svg\"><path d=\"M190.5 66.9l22.2-22.2c9.4-9.4 24.6-9.4 33.9 0L441 239c9.4 9.4 9.4 24.6 0 33.9L246.6 467.3c-9.4 9.4-24.6 9.4-33.9 0l-22.2-22.2c-9.5-9.5-9.3-25 .4-34.3L311.4 296H24c-13.3 0-24-10.7-24-24v-32c0-13.3 10.7-24 24-24h287.4L190.9 101.2c-9.8-9.3-10-24.8-.4-34.3z\"><\/path><\/svg>\t\t\t<\/span>\n\t\t\t\t\t\t\t\t\t<span class=\"elementor-button-text\">Zapraszamy do kontaktu<\/span>\n\t\t\t\t\t<\/span>\n\t\t\t\t\t<\/a>\n\t\t\t\t<\/div>\n\t\t\t\t\t\t\t\t<\/div>\n\t\t\t\t<\/div>\n\t\t\t\t\t<\/div>\n\t\t<\/div>\n\t\t\t\t\t<\/div>\n\t\t<\/section>\n\t\t\t\t<\/div>\n\t\t","protected":false},"excerpt":{"rendered":"<p>Nasza oferta \u2013 drewno budowlane najwy\u017cszej jako\u015bci Specjalizujemy si\u0119 w produkcji i sprzeda\u017cy wysokiej jako\u015bci wyrob\u00f3w tartacznych, dostosowanych do potrzeb klient\u00f3w indywidualnych i firm budowlanych. Oferujemy kompleksow\u0105 obs\u0142ug\u0119 \u2013 od przygotowania drewna, przez jego impregnacj\u0119 i suszenie, a\u017c po dostaw\u0119 na miejsce inwestycji. Wszystkie produkty oferujemy z mo\u017cliwo\u015bci\u0105 transportu HDS i roz\u0142adunku na miejscu. Sprawd\u017a [&hellip;]<\/p>\n","protected":false},"author":8,"featured_media":0,"parent":0,"menu_order":0,"comment_status":"closed","ping_status":"closed","template":"elementor_header_footer","meta":{"inline_featured_image":false,"footnotes":""},"class_list":["post-2427","page","type-page","status-publish","hentry"],"aioseo_notices":[],"_links":{"self":[{"href":"https:\/\/drewmex.net.pl\/index.php?rest_route=\/wp\/v2\/pages\/2427","targetHints":{"allow":["GET"]}}],"collection":[{"href":"https:\/\/drewmex.net.pl\/index.php?rest_route=\/wp\/v2\/pages"}],"about":[{"href":"https:\/\/drewmex.net.pl\/index.php?rest_route=\/wp\/v2\/types\/page"}],"author":[{"embeddable":true,"href":"https:\/\/drewmex.net.pl\/index.php?rest_route=\/wp\/v2\/users\/8"}],"replies":[{"embeddable":true,"href":"https:\/\/drewmex.net.pl\/index.php?rest_route=%2Fwp%2Fv2%2Fcomments&post=2427"}],"version-history":[{"count":36,"href":"https:\/\/drewmex.net.pl\/index.php?rest_route=\/wp\/v2\/pages\/2427\/revisions"}],"predecessor-version":[{"id":3357,"href":"https:\/\/drewmex.net.pl\/index.php?rest_route=\/wp\/v2\/pages\/2427\/revisions\/3357"}],"wp:attachment":[{"href":"https:\/\/drewmex.net.pl\/index.php?rest_route=%2Fwp%2Fv2%2Fmedia&parent=2427"}],"curies":[{"name":"wp","href":"https:\/\/api.w.org\/{rel}","templated":true}]}}