{"id":1667,"date":"2023-09-05T16:05:37","date_gmt":"2023-09-05T16:05:37","guid":{"rendered":"https:\/\/drewmex.net.pl\/?page_id=1667"},"modified":"2025-05-27T04:57:04","modified_gmt":"2025-05-27T04:57:04","slug":"kontakt","status":"publish","type":"page","link":"https:\/\/drewmex.net.pl\/?page_id=1667","title":{"rendered":"Kontakt"},"content":{"rendered":"\t\t<div data-elementor-type=\"wp-page\" data-elementor-id=\"1667\" class=\"elementor elementor-1667\" data-elementor-post-type=\"page\">\n\t\t\t\t\t\t<section class=\"elementor-section elementor-top-section elementor-element elementor-element-a6c3da0 elementor-section-boxed elementor-section-height-default elementor-section-height-default\" data-id=\"a6c3da0\" data-element_type=\"section\" data-settings=\"{&quot;background_background&quot;:&quot;classic&quot;}\">\n\t\t\t\t\t\t\t<div class=\"elementor-background-overlay\"><\/div>\n\t\t\t\t\t\t\t<div class=\"elementor-container elementor-column-gap-default\">\n\t\t\t\t\t<div class=\"elementor-column elementor-col-100 elementor-top-column elementor-element elementor-element-77e656c\" data-id=\"77e656c\" data-element_type=\"column\">\n\t\t\t<div class=\"elementor-widget-wrap elementor-element-populated\">\n\t\t\t\t\t\t<div class=\"elementor-element elementor-element-38c341d elementor-widget elementor-widget-html\" data-id=\"38c341d\" data-element_type=\"widget\" data-widget_type=\"html.default\">\n\t\t\t\t<div class=\"elementor-widget-container\">\n\t\t\t\t\t<div class=\"aioseo-breadcrumbs\"><span class=\"aioseo-breadcrumb\">\n\tStrona g\u0142\u00f3wna\n<\/span><\/div>\t\t\t\t<\/div>\n\t\t\t\t<\/div>\n\t\t\t\t<div class=\"elementor-element elementor-element-e02e0b5 elementor-widget elementor-widget-heading\" data-id=\"e02e0b5\" data-element_type=\"widget\" data-widget_type=\"heading.default\">\n\t\t\t\t<div class=\"elementor-widget-container\">\n\t\t\t\t\t<h1 class=\"elementor-heading-title elementor-size-default\">Kontakt<\/h1>\t\t\t\t<\/div>\n\t\t\t\t<\/div>\n\t\t\t\t\t<\/div>\n\t\t<\/div>\n\t\t\t\t\t<\/div>\n\t\t<\/section>\n\t\t\t\t<section class=\"elementor-section elementor-top-section elementor-element elementor-element-e66422f elementor-section-boxed elementor-section-height-default elementor-section-height-default\" data-id=\"e66422f\" data-element_type=\"section\">\n\t\t\t\t\t\t<div class=\"elementor-container elementor-column-gap-default\">\n\t\t\t\t\t<div class=\"elementor-column elementor-col-33 elementor-top-column elementor-element elementor-element-4f7c50b\" data-id=\"4f7c50b\" data-element_type=\"column\">\n\t\t\t<div class=\"elementor-widget-wrap elementor-element-populated\">\n\t\t\t\t\t\t<div class=\"elementor-element elementor-element-b5588c1 elementor-widget elementor-widget-heading\" data-id=\"b5588c1\" data-element_type=\"widget\" data-settings=\"{&quot;_animation&quot;:&quot;none&quot;}\" data-widget_type=\"heading.default\">\n\t\t\t\t<div class=\"elementor-widget-container\">\n\t\t\t\t\t<h3 class=\"elementor-heading-title elementor-size-default\">Masz pytania?<br>\n<strong>Porozmawiajmy<\/strong><\/h3>\t\t\t\t<\/div>\n\t\t\t\t<\/div>\n\t\t\t\t<div class=\"elementor-element elementor-element-546bb11 elementor-widget-divider--view-line_icon elementor-widget-divider--element-align-right elementor-view-default elementor-invisible elementor-widget elementor-widget-divider\" data-id=\"546bb11\" data-element_type=\"widget\" data-settings=\"{&quot;_animation&quot;:&quot;fadeIn&quot;,&quot;_animation_delay&quot;:100}\" data-widget_type=\"divider.default\">\n\t\t\t\t<div class=\"elementor-widget-container\">\n\t\t\t\t\t\t\t<div class=\"elementor-divider\">\n\t\t\t<span class=\"elementor-divider-separator\">\n\t\t\t\t\t\t\t<div class=\"elementor-icon elementor-divider__element\">\n\t\t\t\t\t<\/div>\n\t\t\t\t\t\t<\/span>\n\t\t<\/div>\n\t\t\t\t\t\t<\/div>\n\t\t\t\t<\/div>\n\t\t\t\t<div class=\"elementor-element elementor-element-e191b15 elementor-widget elementor-widget-text-editor\" data-id=\"e191b15\" data-element_type=\"widget\" data-widget_type=\"text-editor.default\">\n\t\t\t\t<div class=\"elementor-widget-container\">\n\t\t\t\t\t\t\t\t\t<p>Skontaktuj si\u0119 z nami \u2013 ch\u0119tnie doradzimy i przygotujemy ofert\u0119 dopasowan\u0105 do Twoich potrzeb.<\/p>\t\t\t\t\t\t\t\t<\/div>\n\t\t\t\t<\/div>\n\t\t\t\t<div class=\"elementor-element elementor-element-3b40400 elementor-widget__width-inherit elementor-tablet-align-center elementor-widget-tablet__width-inherit elementor-icon-list--layout-traditional elementor-list-item-link-full_width elementor-widget elementor-widget-icon-list\" data-id=\"3b40400\" data-element_type=\"widget\" data-widget_type=\"icon-list.default\">\n\t\t\t\t<div class=\"elementor-widget-container\">\n\t\t\t\t\t\t\t<ul class=\"elementor-icon-list-items\">\n\t\t\t\t\t\t\t<li class=\"elementor-icon-list-item\">\n\t\t\t\t\t\t\t\t\t\t\t<a href=\"tel:+48%20505%20125%20001\">\n\n\t\t\t\t\t\t\t\t\t\t\t\t<span class=\"elementor-icon-list-icon\">\n\t\t\t\t\t\t\t<svg xmlns=\"http:\/\/www.w3.org\/2000\/svg\" width=\"300\" height=\"300\" viewBox=\"0 0 300 300\" fill=\"none\"><path d=\"M292.87 150.426C291.705 150.824 290.472 150.988 289.244 150.909C288.015 150.83 286.814 150.509 285.709 149.966C284.604 149.422 283.618 148.666 282.805 147.741C281.993 146.815 281.371 145.739 280.975 144.573C270.899 115.121 254.148 88.3989 232.033 66.4936C209.917 44.5883 183.036 28.0935 153.49 18.2982C152.313 17.9189 151.223 17.3106 150.282 16.5082C149.341 15.7057 148.568 14.7251 148.008 13.6228C147.448 12.5205 147.111 11.3182 147.017 10.0852C146.924 8.85218 147.075 7.61283 147.462 6.43851C147.849 5.26418 148.465 4.17808 149.274 3.24275C150.083 2.30742 151.069 1.54134 152.175 0.98863C153.281 0.435921 154.486 0.107503 155.719 0.0222882C156.953 -0.0629266 158.191 0.0967455 159.363 0.492109C191.663 11.1964 221.05 29.2265 245.226 53.1728C269.402 77.1192 287.711 106.333 298.723 138.53C299.524 140.883 299.358 143.459 298.26 145.69C297.163 147.921 295.224 149.624 292.87 150.426ZM247.648 150.929C249.201 150.927 250.73 150.539 252.096 149.8C253.463 149.062 254.625 147.995 255.477 146.697C256.33 145.398 256.846 143.908 256.981 142.36C257.115 140.813 256.863 139.256 256.248 137.83C237.622 94.9365 203.159 60.8873 160.043 42.781C158.907 42.306 157.689 42.0594 156.458 42.0553C155.227 42.0512 154.007 42.2896 152.868 42.7569C151.729 43.2242 150.693 43.9113 149.82 44.7789C148.946 45.6466 148.252 46.6777 147.777 47.8136C147.302 48.9494 147.056 50.1677 147.051 51.3988C147.047 52.63 147.286 53.8499 147.753 54.9889C148.22 56.1279 148.907 57.1637 149.775 58.0372C150.643 58.9106 151.674 59.6047 152.81 60.0796C191.451 76.315 222.338 106.832 239.039 145.275C239.765 146.955 240.968 148.385 242.497 149.39C244.027 150.394 245.818 150.93 247.648 150.929ZM161.144 87.7212C160.08 87.0836 158.899 86.6637 157.671 86.4858C156.443 86.3079 155.192 86.3756 153.99 86.685C152.788 86.9943 151.66 87.5392 150.67 88.2879C149.681 89.0367 148.85 89.9745 148.225 91.0468C147.601 92.1192 147.196 93.3049 147.033 94.5351C146.87 95.7653 146.953 97.0155 147.278 98.2133C147.602 99.4112 148.161 100.533 148.922 101.513C149.683 102.493 150.631 103.312 151.711 103.924C169.425 114.264 184.273 128.868 194.907 146.408C196.195 148.534 198.275 150.063 200.69 150.656C203.104 151.249 205.656 150.859 207.782 149.571C209.909 148.283 211.437 146.203 212.031 143.788C212.624 141.374 212.234 138.823 210.946 136.696C198.688 116.475 181.569 99.6393 161.146 87.7212H161.144ZM280.559 209.932C285.865 215.25 288.844 222.455 288.844 229.966C288.844 237.478 285.865 244.683 280.559 250.001L244.562 285.998C237.307 293.252 225.947 299.873 208.674 299.873C197.023 299.873 182.684 296.862 165.09 288.995C136.822 276.356 105.136 253.276 75.8674 224.008C46.5992 194.74 23.5203 163.057 10.8787 134.788C-8.64943 91.1126 1.73221 67.4636 13.8799 55.3165L49.8793 19.3195C55.1971 14.0142 62.402 11.0348 69.9137 11.0348C77.4253 11.0348 84.6302 14.0142 89.948 19.3195L125.432 54.8038C130.737 60.1223 133.716 67.3273 133.716 74.8388C133.716 82.3503 130.737 89.5553 125.432 94.8737L103.508 116.798C102.043 118.205 101.078 120.053 100.759 122.059C100.44 124.065 100.784 126.121 101.74 127.914C110.834 145.825 119.752 159.241 129.781 170.101C140.637 180.13 154.053 189.047 171.965 198.142C173.758 199.098 175.814 199.443 177.82 199.123C179.827 198.804 181.674 197.839 183.082 196.374L205.006 174.45C210.324 169.145 217.529 166.166 225.041 166.166C232.552 166.166 239.757 169.145 245.076 174.45L280.559 209.932ZM267.301 223.189L231.817 187.706C230.015 185.918 227.579 184.914 225.04 184.914C222.502 184.914 220.066 185.918 218.264 187.706L196.34 209.628C192.148 213.911 186.69 216.731 180.772 217.673C174.854 218.615 168.79 217.627 163.476 214.856C143.825 204.878 128.983 194.946 116.768 183.599C116.598 183.442 116.436 183.279 116.279 183.111C104.932 170.894 94.9994 156.053 85.0215 136.401C82.2508 131.088 81.2632 125.024 82.2049 119.106C83.1465 113.188 85.9673 107.73 90.2504 103.539L112.174 81.6146C113.963 79.8126 114.966 77.3767 114.966 74.8379C114.966 72.2991 113.963 69.8632 112.174 68.0613L76.69 32.5769C74.8915 30.7824 72.4546 29.7746 69.9139 29.7746C67.3733 29.7746 64.9364 30.7824 63.1379 32.5769L27.1402 68.5745C12.6758 83.0396 19.6232 108.404 27.998 127.135C39.5562 152.986 61.8365 183.463 89.126 210.752C116.415 238.041 146.892 260.323 172.743 271.88C191.475 280.259 216.839 287.202 231.303 272.738L267.301 236.74C269.095 234.942 270.103 232.504 270.103 229.964C270.103 227.423 269.095 224.986 267.301 223.187V223.189Z\" fill=\"#1D5628\"><\/path><\/svg>\t\t\t\t\t\t<\/span>\n\t\t\t\t\t\t\t\t\t\t<span class=\"elementor-icon-list-text\">+48 505 125 001<\/span>\n\t\t\t\t\t\t\t\t\t\t\t<\/a>\n\t\t\t\t\t\t\t\t\t<\/li>\n\t\t\t\t\t\t\t\t<li class=\"elementor-icon-list-item\">\n\t\t\t\t\t\t\t\t\t\t\t<a href=\"tel:+48%2018%20445%2064%2070\">\n\n\t\t\t\t\t\t\t\t\t\t\t\t<span class=\"elementor-icon-list-icon\">\n\t\t\t\t\t\t\t<svg xmlns=\"http:\/\/www.w3.org\/2000\/svg\" width=\"300\" height=\"300\" viewBox=\"0 0 300 300\" fill=\"none\"><path d=\"M292.87 150.426C291.705 150.824 290.472 150.988 289.244 150.909C288.015 150.83 286.814 150.509 285.709 149.966C284.604 149.422 283.618 148.666 282.805 147.741C281.993 146.815 281.371 145.739 280.975 144.573C270.899 115.121 254.148 88.3989 232.033 66.4936C209.917 44.5883 183.036 28.0935 153.49 18.2982C152.313 17.9189 151.223 17.3106 150.282 16.5082C149.341 15.7057 148.568 14.7251 148.008 13.6228C147.448 12.5205 147.111 11.3182 147.017 10.0852C146.924 8.85218 147.075 7.61283 147.462 6.43851C147.849 5.26418 148.465 4.17808 149.274 3.24275C150.083 2.30742 151.069 1.54134 152.175 0.98863C153.281 0.435921 154.486 0.107503 155.719 0.0222882C156.953 -0.0629266 158.191 0.0967455 159.363 0.492109C191.663 11.1964 221.05 29.2265 245.226 53.1728C269.402 77.1192 287.711 106.333 298.723 138.53C299.524 140.883 299.358 143.459 298.26 145.69C297.163 147.921 295.224 149.624 292.87 150.426ZM247.648 150.929C249.201 150.927 250.73 150.539 252.096 149.8C253.463 149.062 254.625 147.995 255.477 146.697C256.33 145.398 256.846 143.908 256.981 142.36C257.115 140.813 256.863 139.256 256.248 137.83C237.622 94.9365 203.159 60.8873 160.043 42.781C158.907 42.306 157.689 42.0594 156.458 42.0553C155.227 42.0512 154.007 42.2896 152.868 42.7569C151.729 43.2242 150.693 43.9113 149.82 44.7789C148.946 45.6466 148.252 46.6777 147.777 47.8136C147.302 48.9494 147.056 50.1677 147.051 51.3988C147.047 52.63 147.286 53.8499 147.753 54.9889C148.22 56.1279 148.907 57.1637 149.775 58.0372C150.643 58.9106 151.674 59.6047 152.81 60.0796C191.451 76.315 222.338 106.832 239.039 145.275C239.765 146.955 240.968 148.385 242.497 149.39C244.027 150.394 245.818 150.93 247.648 150.929ZM161.144 87.7212C160.08 87.0836 158.899 86.6637 157.671 86.4858C156.443 86.3079 155.192 86.3756 153.99 86.685C152.788 86.9943 151.66 87.5392 150.67 88.2879C149.681 89.0367 148.85 89.9745 148.225 91.0468C147.601 92.1192 147.196 93.3049 147.033 94.5351C146.87 95.7653 146.953 97.0155 147.278 98.2133C147.602 99.4112 148.161 100.533 148.922 101.513C149.683 102.493 150.631 103.312 151.711 103.924C169.425 114.264 184.273 128.868 194.907 146.408C196.195 148.534 198.275 150.063 200.69 150.656C203.104 151.249 205.656 150.859 207.782 149.571C209.909 148.283 211.437 146.203 212.031 143.788C212.624 141.374 212.234 138.823 210.946 136.696C198.688 116.475 181.569 99.6393 161.146 87.7212H161.144ZM280.559 209.932C285.865 215.25 288.844 222.455 288.844 229.966C288.844 237.478 285.865 244.683 280.559 250.001L244.562 285.998C237.307 293.252 225.947 299.873 208.674 299.873C197.023 299.873 182.684 296.862 165.09 288.995C136.822 276.356 105.136 253.276 75.8674 224.008C46.5992 194.74 23.5203 163.057 10.8787 134.788C-8.64943 91.1126 1.73221 67.4636 13.8799 55.3165L49.8793 19.3195C55.1971 14.0142 62.402 11.0348 69.9137 11.0348C77.4253 11.0348 84.6302 14.0142 89.948 19.3195L125.432 54.8038C130.737 60.1223 133.716 67.3273 133.716 74.8388C133.716 82.3503 130.737 89.5553 125.432 94.8737L103.508 116.798C102.043 118.205 101.078 120.053 100.759 122.059C100.44 124.065 100.784 126.121 101.74 127.914C110.834 145.825 119.752 159.241 129.781 170.101C140.637 180.13 154.053 189.047 171.965 198.142C173.758 199.098 175.814 199.443 177.82 199.123C179.827 198.804 181.674 197.839 183.082 196.374L205.006 174.45C210.324 169.145 217.529 166.166 225.041 166.166C232.552 166.166 239.757 169.145 245.076 174.45L280.559 209.932ZM267.301 223.189L231.817 187.706C230.015 185.918 227.579 184.914 225.04 184.914C222.502 184.914 220.066 185.918 218.264 187.706L196.34 209.628C192.148 213.911 186.69 216.731 180.772 217.673C174.854 218.615 168.79 217.627 163.476 214.856C143.825 204.878 128.983 194.946 116.768 183.599C116.598 183.442 116.436 183.279 116.279 183.111C104.932 170.894 94.9994 156.053 85.0215 136.401C82.2508 131.088 81.2632 125.024 82.2049 119.106C83.1465 113.188 85.9673 107.73 90.2504 103.539L112.174 81.6146C113.963 79.8126 114.966 77.3767 114.966 74.8379C114.966 72.2991 113.963 69.8632 112.174 68.0613L76.69 32.5769C74.8915 30.7824 72.4546 29.7746 69.9139 29.7746C67.3733 29.7746 64.9364 30.7824 63.1379 32.5769L27.1402 68.5745C12.6758 83.0396 19.6232 108.404 27.998 127.135C39.5562 152.986 61.8365 183.463 89.126 210.752C116.415 238.041 146.892 260.323 172.743 271.88C191.475 280.259 216.839 287.202 231.303 272.738L267.301 236.74C269.095 234.942 270.103 232.504 270.103 229.964C270.103 227.423 269.095 224.986 267.301 223.187V223.189Z\" fill=\"#1D5628\"><\/path><\/svg>\t\t\t\t\t\t<\/span>\n\t\t\t\t\t\t\t\t\t\t<span class=\"elementor-icon-list-text\">+48 18 445 64 70<\/span>\n\t\t\t\t\t\t\t\t\t\t\t<\/a>\n\t\t\t\t\t\t\t\t\t<\/li>\n\t\t\t\t\t\t\t\t<li class=\"elementor-icon-list-item\">\n\t\t\t\t\t\t\t\t\t\t\t<a href=\"&#x6d;&#x61;&#105;lt&#x6f;&#x3a;&#98;&#105;u&#x72;&#x6f;&#64;&#100;r&#x65;&#x77;&#x6d;&#101;x&#46;&#x6e;&#x65;&#116;&#46;p&#x6c;\">\n\n\t\t\t\t\t\t\t\t\t\t\t\t<span class=\"elementor-icon-list-icon\">\n\t\t\t\t\t\t\t<svg xmlns=\"http:\/\/www.w3.org\/2000\/svg\" width=\"263\" height=\"188\" viewBox=\"0 0 263 188\" fill=\"none\"><path d=\"M243.75 0H18.75C13.7772 0 9.00805 1.97544 5.49175 5.49175C1.97544 9.00805 0 13.7772 0 18.75V168.75C0 173.723 1.97544 178.492 5.49175 182.008C9.00805 185.525 13.7772 187.5 18.75 187.5H243.75C248.723 187.5 253.492 185.525 257.008 182.008C260.525 178.492 262.5 173.723 262.5 168.75V18.75C262.5 13.7772 260.525 9.00805 257.008 5.49175C253.492 1.97544 248.723 0 243.75 0ZM243.75 18.75V50.625L131.25 111.188L18.75 50.625V18.75H243.75ZM18.75 168.75V71.9062L126.844 130.125C128.2 130.847 129.713 131.225 131.25 131.225C132.787 131.225 134.3 130.847 135.656 130.125L243.75 71.9062V168.75H18.75Z\" fill=\"#1D5628\"><\/path><\/svg>\t\t\t\t\t\t<\/span>\n\t\t\t\t\t\t\t\t\t\t<span class=\"elementor-icon-list-text\">&#x62;&#105;u&#x72;&#x6f;&#64;d&#x72;&#101;w&#x6d;&#x65;&#120;&#46;&#x6e;&#101;t&#x2e;&#x70;&#108;<\/span>\n\t\t\t\t\t\t\t\t\t\t\t<\/a>\n\t\t\t\t\t\t\t\t\t<\/li>\n\t\t\t\t\t\t\t\t<li class=\"elementor-icon-list-item\">\n\t\t\t\t\t\t\t\t\t\t\t<span class=\"elementor-icon-list-icon\">\n\t\t\t\t\t\t\t<svg xmlns=\"http:\/\/www.w3.org\/2000\/svg\" width=\"300\" height=\"300\" viewBox=\"0 0 300 300\" fill=\"none\"><mask id=\"mask0_291_260\" style=\"mask-type:luminance\" maskUnits=\"userSpaceOnUse\" x=\"0\" y=\"0\" width=\"300\" height=\"300\"><path d=\"M299.707 299.707V0.292969H0.292969V299.707H299.707Z\" fill=\"white\" stroke=\"white\" stroke-width=\"0.585937\"><\/path><\/mask><g mask=\"url(#mask0_291_260)\"><path d=\"M150 291.211C114.844 238.477 53.3203 166.992 53.3203 105.469C53.3203 52.1596 96.6908 8.78909 150 8.78909C203.309 8.78909 246.68 52.1596 246.68 105.469C246.68 166.992 185.156 238.477 150 291.211Z\" stroke=\"#1D5628\" stroke-width=\"17.5781\" stroke-miterlimit=\"10\" stroke-linecap=\"round\" stroke-linejoin=\"round\"><\/path><path d=\"M150 149.414C125.77 149.414 106.055 129.699 106.055 105.469C106.055 81.2385 125.77 61.5234 150 61.5234C174.23 61.5234 193.945 81.2385 193.945 105.469C193.945 129.699 174.23 149.414 150 149.414Z\" stroke=\"#1D5628\" stroke-width=\"17.5781\" stroke-miterlimit=\"10\" stroke-linecap=\"round\" stroke-linejoin=\"round\"><\/path><\/g><\/svg>\t\t\t\t\t\t<\/span>\n\t\t\t\t\t\t\t\t\t\t<span class=\"elementor-icon-list-text\">Kr\u00f3lowa G\u00f3rna 201 33-334 Kamionka Wielka<\/span>\n\t\t\t\t\t\t\t\t\t<\/li>\n\t\t\t\t\t\t<\/ul>\n\t\t\t\t\t\t<\/div>\n\t\t\t\t<\/div>\n\t\t\t\t<div class=\"elementor-element elementor-element-9c84b09 e-grid-align-left e-grid-align-tablet-center elementor-shape-rounded elementor-grid-0 elementor-widget elementor-widget-social-icons\" data-id=\"9c84b09\" data-element_type=\"widget\" data-widget_type=\"social-icons.default\">\n\t\t\t\t<div class=\"elementor-widget-container\">\n\t\t\t\t\t\t\t<div class=\"elementor-social-icons-wrapper elementor-grid\" role=\"list\">\n\t\t\t\t\t\t\t<span class=\"elementor-grid-item\" role=\"listitem\">\n\t\t\t\t\t<a class=\"elementor-icon elementor-social-icon elementor-social-icon-facebook-f elementor-animation-grow elementor-repeater-item-de6c541\" target=\"_blank\">\n\t\t\t\t\t\t<span class=\"elementor-screen-only\">Facebook-f<\/span>\n\t\t\t\t\t\t<svg aria-hidden=\"true\" class=\"e-font-icon-svg e-fab-facebook-f\" viewBox=\"0 0 320 512\" xmlns=\"http:\/\/www.w3.org\/2000\/svg\"><path d=\"M279.14 288l14.22-92.66h-88.91v-60.13c0-25.35 12.42-50.06 52.24-50.06h40.42V6.26S260.43 0 225.36 0c-73.22 0-121.08 44.38-121.08 124.72v70.62H22.89V288h81.39v224h100.17V288z\"><\/path><\/svg>\t\t\t\t\t<\/a>\n\t\t\t\t<\/span>\n\t\t\t\t\t\t\t<span class=\"elementor-grid-item\" role=\"listitem\">\n\t\t\t\t\t<a class=\"elementor-icon elementor-social-icon elementor-social-icon-instagram elementor-animation-grow elementor-repeater-item-16f9dcc\" target=\"_blank\">\n\t\t\t\t\t\t<span class=\"elementor-screen-only\">Instagram<\/span>\n\t\t\t\t\t\t<svg aria-hidden=\"true\" class=\"e-font-icon-svg e-fab-instagram\" viewBox=\"0 0 448 512\" xmlns=\"http:\/\/www.w3.org\/2000\/svg\"><path d=\"M224.1 141c-63.6 0-114.9 51.3-114.9 114.9s51.3 114.9 114.9 114.9S339 319.5 339 255.9 287.7 141 224.1 141zm0 189.6c-41.1 0-74.7-33.5-74.7-74.7s33.5-74.7 74.7-74.7 74.7 33.5 74.7 74.7-33.6 74.7-74.7 74.7zm146.4-194.3c0 14.9-12 26.8-26.8 26.8-14.9 0-26.8-12-26.8-26.8s12-26.8 26.8-26.8 26.8 12 26.8 26.8zm76.1 27.2c-1.7-35.9-9.9-67.7-36.2-93.9-26.2-26.2-58-34.4-93.9-36.2-37-2.1-147.9-2.1-184.9 0-35.8 1.7-67.6 9.9-93.9 36.1s-34.4 58-36.2 93.9c-2.1 37-2.1 147.9 0 184.9 1.7 35.9 9.9 67.7 36.2 93.9s58 34.4 93.9 36.2c37 2.1 147.9 2.1 184.9 0 35.9-1.7 67.7-9.9 93.9-36.2 26.2-26.2 34.4-58 36.2-93.9 2.1-37 2.1-147.8 0-184.8zM398.8 388c-7.8 19.6-22.9 34.7-42.6 42.6-29.5 11.7-99.5 9-132.1 9s-102.7 2.6-132.1-9c-19.6-7.8-34.7-22.9-42.6-42.6-11.7-29.5-9-99.5-9-132.1s-2.6-102.7 9-132.1c7.8-19.6 22.9-34.7 42.6-42.6 29.5-11.7 99.5-9 132.1-9s102.7-2.6 132.1 9c19.6 7.8 34.7 22.9 42.6 42.6 11.7 29.5 9 99.5 9 132.1s2.7 102.7-9 132.1z\"><\/path><\/svg>\t\t\t\t\t<\/a>\n\t\t\t\t<\/span>\n\t\t\t\t\t<\/div>\n\t\t\t\t\t\t<\/div>\n\t\t\t\t<\/div>\n\t\t\t\t\t<\/div>\n\t\t<\/div>\n\t\t\t\t<div class=\"elementor-column elementor-col-66 elementor-top-column elementor-element elementor-element-48063d1\" data-id=\"48063d1\" data-element_type=\"column\" data-settings=\"{&quot;background_background&quot;:&quot;classic&quot;}\">\n\t\t\t<div class=\"elementor-widget-wrap elementor-element-populated\">\n\t\t\t\t\t\t<div class=\"elementor-element elementor-element-88d3ce0 elementor-button-align-stretch elementor-widget elementor-widget-form\" data-id=\"88d3ce0\" data-element_type=\"widget\" data-settings=\"{&quot;step_next_label&quot;:&quot;Nast\\u0119pny&quot;,&quot;step_previous_label&quot;:&quot;Poprzedni&quot;,&quot;button_width&quot;:&quot;33&quot;,&quot;step_type&quot;:&quot;number_text&quot;,&quot;step_icon_shape&quot;:&quot;circle&quot;}\" data-widget_type=\"form.default\">\n\t\t\t\t<div class=\"elementor-widget-container\">\n\t\t\t\t\t\t\t<form class=\"elementor-form\" method=\"post\" name=\"Nowy formularz\" novalidate=\"\">\n\t\t\t<input type=\"hidden\" name=\"post_id\" value=\"1667\"\/>\n\t\t\t<input type=\"hidden\" name=\"form_id\" value=\"88d3ce0\"\/>\n\t\t\t<input type=\"hidden\" name=\"referer_title\" value=\"\" \/>\n\n\t\t\t\n\t\t\t<div class=\"elementor-form-fields-wrapper elementor-labels-above\">\n\t\t\t\t\t\t\t\t<div class=\"elementor-field-type-text elementor-field-group elementor-column elementor-field-group-field_19acaed elementor-col-100 elementor-field-required\">\n\t\t\t\t\t\t\t\t\t\t\t\t\t<input size=\"1\" type=\"text\" name=\"form_fields[field_19acaed]\" id=\"form-field-field_19acaed\" class=\"elementor-field elementor-size-md  elementor-field-textual\" placeholder=\"Imi\u0119 i nazwisko\" required=\"required\">\n\t\t\t\t\t\t\t\t\t\t\t<\/div>\n\t\t\t\t\t\t\t\t<div class=\"elementor-field-type-email elementor-field-group elementor-column elementor-field-group-email elementor-col-50 elementor-field-required\">\n\t\t\t\t\t\t\t\t\t\t\t\t\t<input size=\"1\" type=\"email\" name=\"form_fields[email]\" id=\"form-field-email\" class=\"elementor-field elementor-size-md  elementor-field-textual\" placeholder=\"E-mail\" required=\"required\">\n\t\t\t\t\t\t\t\t\t\t\t<\/div>\n\t\t\t\t\t\t\t\t<div class=\"elementor-field-type-tel elementor-field-group elementor-column elementor-field-group-field_3c537ec elementor-col-50\">\n\t\t\t\t\t\t\t<input size=\"1\" type=\"tel\" name=\"form_fields[field_3c537ec]\" id=\"form-field-field_3c537ec\" class=\"elementor-field elementor-size-md  elementor-field-textual\" placeholder=\"Telefon\" pattern=\"[0-9()#&amp;+*-=.]+\" title=\"Akceptowane s\u0105 jedynie cyfry i znaki telefoniczne (#,-,*).\">\n\n\t\t\t\t\t\t<\/div>\n\t\t\t\t\t\t\t\t<div class=\"elementor-field-type-textarea elementor-field-group elementor-column elementor-field-group-message elementor-col-100 elementor-field-required\">\n\t\t\t\t\t<textarea class=\"elementor-field-textual elementor-field  elementor-size-md\" name=\"form_fields[message]\" id=\"form-field-message\" rows=\"6\" placeholder=\"Wiadomo\u015b\u0107\" required=\"required\"><\/textarea>\t\t\t\t<\/div>\n\t\t\t\t\t\t\t\t<div class=\"elementor-field-type-recaptcha_v3 elementor-field-group elementor-column elementor-field-group-field_82326a7 elementor-col-100 recaptcha_v3-bottomright\">\n\t\t\t\t\t<div class=\"elementor-field\" id=\"form-field-field_82326a7\"><div class=\"elementor-g-recaptcha\" data-sitekey=\"6LeNz0wrAAAAAMsYrICQrYmVCvBI5QY6J6XbRiBK\" data-type=\"v3\" data-action=\"Form\" data-badge=\"bottomright\" data-size=\"invisible\"><\/div><\/div>\t\t\t\t<\/div>\n\t\t\t\t\t\t\t\t<div class=\"elementor-field-type-acceptance elementor-field-group elementor-column elementor-field-group-field_769c9eb elementor-col-66 elementor-md-100 elementor-field-required\">\n\t\t\t\t\t\t\t<div class=\"elementor-field-subgroup\">\n\t\t\t<span class=\"elementor-field-option\">\n\t\t\t\t<input type=\"checkbox\" name=\"form_fields[field_769c9eb]\" id=\"form-field-field_769c9eb\" class=\"elementor-field elementor-size-md  elementor-acceptance-field\" required=\"required\">\n\t\t\t\t<label for=\"form-field-field_769c9eb\"><span style=\"color:#fff;font-size:14px;line-height:1.6em;\">Wyra\u017cam zgod\u0119 na przetwarzanie danych osobowych w celu odpowiedzi na mojego e-maila.<\/span><\/label>\t\t\t<\/span>\n\t\t<\/div>\n\t\t\t\t\t\t<\/div>\n\t\t\t\t\t\t\t\t<div class=\"elementor-field-group elementor-column elementor-field-type-submit elementor-col-33 e-form__buttons\">\n\t\t\t\t\t<button class=\"elementor-button elementor-size-sm\" type=\"submit\">\n\t\t\t\t\t\t<span class=\"elementor-button-content-wrapper\">\n\t\t\t\t\t\t\t\t\t\t\t\t\t\t\t\t\t\t\t\t\t\t<span class=\"elementor-button-text\">Wy\u015blij<\/span>\n\t\t\t\t\t\t\t\t\t\t\t\t\t<\/span>\n\t\t\t\t\t<\/button>\n\t\t\t\t<\/div>\n\t\t\t<\/div>\n\t\t<\/form>\n\t\t\t\t\t\t<\/div>\n\t\t\t\t<\/div>\n\t\t\t\t\t<\/div>\n\t\t<\/div>\n\t\t\t\t\t<\/div>\n\t\t<\/section>\n\t\t\t\t<section class=\"elementor-section elementor-top-section elementor-element elementor-element-443ff0e0 elementor-section-full_width elementor-section-height-default elementor-section-height-default\" data-id=\"443ff0e0\" data-element_type=\"section\">\n\t\t\t\t\t\t<div class=\"elementor-container elementor-column-gap-default\">\n\t\t\t\t\t<div class=\"elementor-column elementor-col-100 elementor-top-column elementor-element elementor-element-0179158\" data-id=\"0179158\" data-element_type=\"column\">\n\t\t\t<div class=\"elementor-widget-wrap elementor-element-populated\">\n\t\t\t\t\t\t<div class=\"elementor-element elementor-element-8ad607d elementor-widget elementor-widget-google_maps\" data-id=\"8ad607d\" data-element_type=\"widget\" data-widget_type=\"google_maps.default\">\n\t\t\t\t<div class=\"elementor-widget-container\">\n\t\t\t\t\t\t\t<div class=\"elementor-custom-embed\">\n\t\t\t<iframe loading=\"lazy\"\n\t\t\t\t\tsrc=\"https:\/\/maps.google.com\/maps?q=DREWMEX%20Kr%C3%B3lowa%20G%C3%B3rna%20201%2033-334%20Kamionka%20Wielka&#038;t=m&#038;z=15&#038;output=embed&#038;iwloc=near\"\n\t\t\t\t\ttitle=\"DREWMEX Kr\u00f3lowa G\u00f3rna 201 33-334 Kamionka Wielka\"\n\t\t\t\t\taria-label=\"DREWMEX Kr\u00f3lowa G\u00f3rna 201 33-334 Kamionka Wielka\"\n\t\t\t><\/iframe>\n\t\t<\/div>\n\t\t\t\t\t\t<\/div>\n\t\t\t\t<\/div>\n\t\t\t\t\t<\/div>\n\t\t<\/div>\n\t\t\t\t\t<\/div>\n\t\t<\/section>\n\t\t\t\t<\/div>\n\t\t","protected":false},"excerpt":{"rendered":"<p>Masz pytania? Porozmawiajmy Skontaktuj si\u0119 z nami \u2013 ch\u0119tnie doradzimy i przygotujemy ofert\u0119 dopasowan\u0105 do Twoich potrzeb. +48 505 125 001 +48 18 445 64 70 biuro&#64;drewmex&#46;net&#46;pl Kr\u00f3lowa G\u00f3rna 201 33-334 Kamionka Wielka Facebook-f Instagram<\/p>\n","protected":false},"author":8,"featured_media":0,"parent":0,"menu_order":0,"comment_status":"closed","ping_status":"closed","template":"elementor_header_footer","meta":{"inline_featured_image":false,"footnotes":""},"class_list":["post-1667","page","type-page","status-publish","hentry"],"aioseo_notices":[],"_links":{"self":[{"href":"https:\/\/drewmex.net.pl\/index.php?rest_route=\/wp\/v2\/pages\/1667","targetHints":{"allow":["GET"]}}],"collection":[{"href":"https:\/\/drewmex.net.pl\/index.php?rest_route=\/wp\/v2\/pages"}],"about":[{"href":"https:\/\/drewmex.net.pl\/index.php?rest_route=\/wp\/v2\/types\/page"}],"author":[{"embeddable":true,"href":"https:\/\/drewmex.net.pl\/index.php?rest_route=\/wp\/v2\/users\/8"}],"replies":[{"embeddable":true,"href":"https:\/\/drewmex.net.pl\/index.php?rest_route=%2Fwp%2Fv2%2Fcomments&post=1667"}],"version-history":[{"count":24,"href":"https:\/\/drewmex.net.pl\/index.php?rest_route=\/wp\/v2\/pages\/1667\/revisions"}],"predecessor-version":[{"id":3325,"href":"https:\/\/drewmex.net.pl\/index.php?rest_route=\/wp\/v2\/pages\/1667\/revisions\/3325"}],"wp:attachment":[{"href":"https:\/\/drewmex.net.pl\/index.php?rest_route=%2Fwp%2Fv2%2Fmedia&parent=1667"}],"curies":[{"name":"wp","href":"https:\/\/api.w.org\/{rel}","templated":true}]}}